
{"id":26,"date":"2014-09-17T15:02:43","date_gmt":"2014-09-17T13:02:43","guid":{"rendered":"http:\/\/mariaball-naturo.fr\/?page_id=26"},"modified":"2018-02-22T21:15:22","modified_gmt":"2018-02-22T20:15:22","slug":"mentions-legales","status":"publish","type":"page","link":"https:\/\/maria.leval.info\/?page_id=26","title":{"rendered":"Mentions l\u00e9gales"},"content":{"rendered":"<h5><span style=\"font-family: verdana,geneva,sans-serif;\">Informations l\u00e9gales<\/span><\/h5>\n<ul>\n<li><span style=\"font-family: verdana,geneva,sans-serif;\">Propri\u00e9taire du site : Maria BALL, Naturopathe<\/span><br \/>\n<span style=\"font-family: verdana,geneva,sans-serif;\"> Autoentrepreneur, SIRET 804 521 110 00010<\/span><\/li>\n<li><span style=\"font-family: verdana,geneva,sans-serif;\">Cr\u00e9ateur : Maria BALL<\/span><\/li>\n<li><span style=\"font-family: verdana,geneva,sans-serif;\">Responsable publication :\u00a0Maria BALL<\/span><\/li>\n<li><span style=\"font-family: verdana,geneva,sans-serif;\">Webmaster :\u00a0Maria BALL<\/span><\/li>\n<li><span style=\"font-family: verdana,geneva,sans-serif;\">H\u00e9bergeur :<\/span><br \/>\n<span style=\"font-family: verdana,geneva,sans-serif;\"> Association \u00ab\u00a0Alsace R\u00e9seau Neutre\u00a0\u00bb<\/span><br \/>\n<span style=\"font-family: verdana,geneva,sans-serif;\"> <a href=\"http:\/\/arn-fai.net\/\" target=\"_blank\">http:\/\/arn-fai.net\/<\/a><\/span><\/li>\n<\/ul>\n","protected":false},"excerpt":{"rendered":"<p>Informations l\u00e9gales Propri\u00e9taire du site : Maria BALL, Naturopathe Autoentrepreneur, SIRET 804 521 110 00010 Cr\u00e9ateur : Maria BALL Responsable publication :\u00a0Maria BALL Webmaster :\u00a0Maria BALL H\u00e9bergeur : Association \u00ab\u00a0Alsace R\u00e9seau Neutre\u00a0\u00bb http:\/\/arn-fai.net\/<\/p>\n","protected":false},"author":1,"featured_media":0,"parent":0,"menu_order":0,"comment_status":"closed","ping_status":"open","template":"","meta":[],"_links":{"self":[{"href":"https:\/\/maria.leval.info\/index.php?rest_route=\/wp\/v2\/pages\/26"}],"collection":[{"href":"https:\/\/maria.leval.info\/index.php?rest_route=\/wp\/v2\/pages"}],"about":[{"href":"https:\/\/maria.leval.info\/index.php?rest_route=\/wp\/v2\/types\/page"}],"author":[{"embeddable":true,"href":"https:\/\/maria.leval.info\/index.php?rest_route=\/wp\/v2\/users\/1"}],"replies":[{"embeddable":true,"href":"https:\/\/maria.leval.info\/index.php?rest_route=%2Fwp%2Fv2%2Fcomments&post=26"}],"version-history":[{"count":6,"href":"https:\/\/maria.leval.info\/index.php?rest_route=\/wp\/v2\/pages\/26\/revisions"}],"predecessor-version":[{"id":228,"href":"https:\/\/maria.leval.info\/index.php?rest_route=\/wp\/v2\/pages\/26\/revisions\/228"}],"wp:attachment":[{"href":"https:\/\/maria.leval.info\/index.php?rest_route=%2Fwp%2Fv2%2Fmedia&parent=26"}],"curies":[{"name":"wp","href":"https:\/\/api.w.org\/{rel}","templated":true}]}}