
{"id":208,"date":"2015-10-08T20:54:38","date_gmt":"2015-10-08T18:54:38","guid":{"rendered":"http:\/\/mariaball-naturo.fr\/?page_id=208"},"modified":"2019-12-12T20:45:45","modified_gmt":"2019-12-12T19:45:45","slug":"les-ateliers-de-maria","status":"publish","type":"page","link":"https:\/\/maria.leval.info\/?page_id=208","title":{"rendered":"Les ateliers de Maria"},"content":{"rendered":"<p><span style=\"font-family: verdana, geneva, sans-serif;\">Ateliers culinaires pour personnes intol\u00e9rantes<\/span><\/p>\n<p><span style=\"font-family: verdana, geneva, sans-serif;\">Sans gluten, lactose, \u0153uf&#8230; selon la demande<\/span><\/p>\n<p><span style=\"font-family: verdana, geneva, sans-serif;\">Intol\u00e9rante au gluten et au lactose depuis plus de 4 ans, ce qui m\u2019a conduite \u00e0 la naturopathie, j\u2019ai d\u00fb tr\u00e8s vite changer mes habitudes alimentaires, pour moi-m\u00eame et mes enfants.<\/span><\/p>\n<p><span style=\"font-family: verdana, geneva, sans-serif;\">Les d\u00e9buts d\u2019une cuisine \u00ab\u00a0SANS\u00a0\u00bb ne furent pas faciles, il faut apprendre \u00e0 lire les \u00e9tiquettes, o\u00f9 gluten et lactose se cachent sous diff\u00e9rentes appellations.<\/span><\/p>\n<p><span style=\"font-family: verdana, geneva, sans-serif;\">Mais rassurez-vous\u00a0! Manger en fonction de son intol\u00e9rance alimentaire ne veut pas dire renoncer \u00e0 tout plaisir gustatif\u00a0! Bien au contraire, cela m\u2019a permis de d\u00e9couvrir de nouvelles palettes de saveur, de texture et de satisfaire les palais les plus exigeants et les plus gourmands\u00a0!<\/span><\/p>\n<p><span style=\"font-family: verdana, geneva, sans-serif;\">Bien-s\u00fbr, apprendre \u00e0 cuisiner diff\u00e9remment prend du temps et de l\u2019\u00e9nergie.<\/span><\/p>\n<p><span style=\"font-family: verdana, geneva, sans-serif;\">Les pr\u00e9parations sont totalement diff\u00e9rentes, les ingr\u00e9dients nouveaux et le r\u00e9sultat parfois d\u00e9cevant\u00a0! L\u2019exemple le plus parlant est celui du pain sans gluten.<\/span><\/p>\n<p><span style=\"font-family: verdana, geneva, sans-serif;\">C\u2019est pour cela que je mets mon exp\u00e9rience au service des personnes intol\u00e9rantes pour faciliter les d\u00e9buts de transition alimentaire.<\/span><\/p>\n<p><span style=\"font-family: verdana, geneva, sans-serif;\">Aujourd\u2019hui, je propose des ateliers sans gluten, sans lactose, sans \u0153uf&#8230; selon la demande, aux personnes \u00e0 qui l\u2019on a diagnostiqu\u00e9 une intol\u00e9rance alimentaire et qui souhaitent am\u00e9liorer leur sant\u00e9 en gagnant du temps.<\/span><\/p>\n<p style=\"text-align: center;\"><span style=\"font-family: verdana, geneva, sans-serif;\">Je propose \u00e9galement des ateliers de cuisine vivante pour tous ceux qui veulent approfondir leur d\u00e9marche et optimiser leur capital sant\u00e9.<a href=\"http:\/\/mariaball-naturo.fr\/wp-content\/uploads\/2019\/12\/Atelier-Pain.jpg\"><img loading=\"lazy\" class=\"alignnone size-medium wp-image-645\" src=\"http:\/\/mariaball-naturo.fr\/wp-content\/uploads\/2019\/12\/Atelier-Pain-212x300.jpg\" alt=\"\" width=\"212\" height=\"300\" srcset=\"https:\/\/maria.leval.info\/wp-content\/uploads\/2019\/12\/Atelier-Pain-212x300.jpg 212w, https:\/\/maria.leval.info\/wp-content\/uploads\/2019\/12\/Atelier-Pain-768x1086.jpg 768w, https:\/\/maria.leval.info\/wp-content\/uploads\/2019\/12\/Atelier-Pain-724x1024.jpg 724w, https:\/\/maria.leval.info\/wp-content\/uploads\/2019\/12\/Atelier-Pain-600x849.jpg 600w, https:\/\/maria.leval.info\/wp-content\/uploads\/2019\/12\/Atelier-Pain.jpg 1240w\" sizes=\"(max-width: 212px) 100vw, 212px\" \/><\/a><\/span><\/p>\n<p><span style=\"border-radius: 2px; text-indent: 20px; width: auto; padding: 0px 4px 0px 0px; text-align: center; font: bold 11px\/20px 'Helvetica Neue',Helvetica,sans-serif; color: #ffffff; background: #bd081c no-repeat scroll 3px 50% \/ 14px 14px; position: absolute; opacity: 1; z-index: 8675309; display: none; cursor: pointer; top: 860px; left: 141px;\">Enregistrer<\/span><\/p>\n<p><span style=\"border-radius: 2px; text-indent: 20px; width: auto; padding: 0px 4px 0px 0px; text-align: center; font: bold 11px\/20px 'Helvetica Neue',Helvetica,sans-serif; color: #ffffff; background: #bd081c no-repeat scroll 3px 50% \/ 14px 14px; position: absolute; opacity: 1; z-index: 8675309; display: none; cursor: pointer; top: 860px; left: 152px;\">Enregistrer<\/span><\/p>\n","protected":false},"excerpt":{"rendered":"<p>Ateliers culinaires pour personnes intol\u00e9rantes Sans gluten, lactose, \u0153uf&#8230; selon la demande Intol\u00e9rante au gluten et au lactose depuis plus de 4 ans, ce qui m\u2019a conduite \u00e0 la naturopathie, j\u2019ai d\u00fb tr\u00e8s vite changer mes habitudes alimentaires, pour moi-m\u00eame et mes enfants. Les d\u00e9buts d\u2019une cuisine \u00ab\u00a0SANS\u00a0\u00bb ne furent pas faciles, il faut apprendre &hellip; <a href=\"https:\/\/maria.leval.info\/?page_id=208\" class=\"more-link\">Continuer la lecture de <span class=\"screen-reader-text\">Les ateliers de Maria<\/span> <span class=\"meta-nav\">&rarr;<\/span><\/a><\/p>\n","protected":false},"author":2,"featured_media":0,"parent":0,"menu_order":0,"comment_status":"closed","ping_status":"closed","template":"","meta":[],"_links":{"self":[{"href":"https:\/\/maria.leval.info\/index.php?rest_route=\/wp\/v2\/pages\/208"}],"collection":[{"href":"https:\/\/maria.leval.info\/index.php?rest_route=\/wp\/v2\/pages"}],"about":[{"href":"https:\/\/maria.leval.info\/index.php?rest_route=\/wp\/v2\/types\/page"}],"author":[{"embeddable":true,"href":"https:\/\/maria.leval.info\/index.php?rest_route=\/wp\/v2\/users\/2"}],"replies":[{"embeddable":true,"href":"https:\/\/maria.leval.info\/index.php?rest_route=%2Fwp%2Fv2%2Fcomments&post=208"}],"version-history":[{"count":14,"href":"https:\/\/maria.leval.info\/index.php?rest_route=\/wp\/v2\/pages\/208\/revisions"}],"predecessor-version":[{"id":646,"href":"https:\/\/maria.leval.info\/index.php?rest_route=\/wp\/v2\/pages\/208\/revisions\/646"}],"wp:attachment":[{"href":"https:\/\/maria.leval.info\/index.php?rest_route=%2Fwp%2Fv2%2Fmedia&parent=208"}],"curies":[{"name":"wp","href":"https:\/\/api.w.org\/{rel}","templated":true}]}}