
{"id":19,"date":"2014-09-17T14:40:11","date_gmt":"2014-09-17T12:40:11","guid":{"rendered":"http:\/\/mariaball-naturo.fr\/?page_id=19"},"modified":"2021-02-03T09:32:40","modified_gmt":"2021-02-03T08:32:40","slug":"tarifs","status":"publish","type":"page","link":"https:\/\/maria.leval.info\/?page_id=19","title":{"rendered":"Tarifs"},"content":{"rendered":"<p align=\"JUSTIFY\"><span style=\"color: #0070c0; font-family: verdana,geneva,sans-serif;\"><b>Naturopathie<\/b><\/span><\/p>\n<p align=\"JUSTIFY\"><span style=\"font-family: verdana,geneva,sans-serif;\">1<sup>\u00e8re<\/sup> consultation (environ 2h) \u00a0\u00a0 70\u20ac<\/span><\/p>\n<p align=\"JUSTIFY\"><span style=\"font-family: verdana,geneva,sans-serif;\">Consultation de suivi (environ 1h) \u00a0 40\u20ac<\/span><\/p>\n<pre><span style=\"color: #0070c0; font-family: verdana,geneva,sans-serif;\"><b>Prestations Bien-Etre<\/b><\/span><\/pre>\n<ul>\n<li><span style=\"color: #000000; font-family: verdana,geneva,sans-serif;\">\u00a0<strong>Massage bien-\u00eatre avec Huiles essentielles Bio (1h) \u00a0 \u00a0 \u00a0 55 \u20ac <\/strong><\/span><\/li>\n<li><strong><span style=\"color: #000000; font-family: verdana,geneva,sans-serif;\">\u00a0Massage bien-\u00eatre avec Huiles essentielles Bio (30mn) \u00a035\u20ac<\/span><\/strong><\/li>\n<li><strong><span style=\"color: #000000; font-family: verdana,geneva,sans-serif;\">\u00a0Massage Dos + pieds (30mn) 30\u20ac<\/span><\/strong><\/li>\n<li><strong>\u00a0 Massage amma assis (30mn) 30\u20ac<\/strong><\/li>\n<\/ul>\n<p align=\"JUSTIFY\">\n<p align=\"JUSTIFY\"><span style=\"color: #0070c0; font-family: verdana,geneva,sans-serif;\"><b>Soin \u00c9nerg\u00e9tique <\/b><\/span><\/p>\n<p align=\"JUSTIFY\"><span style=\"color: #000000; font-family: verdana,geneva,sans-serif;\">Reiki (s\u00e9ance de 1h) \u00a0 \u00a0 \u00a0 \u00a0 \u00a0 \u00a0 \u00a0 \u00a0 50 \u20ac<\/span><\/p>\n<p><span style=\"color: #0066cc; font-family: verdana,geneva,sans-serif;\"><b><span style=\"font-size: medium;\">Offrir un massage bien-\u00eatre ou un soin Reiki<\/span> <\/b><\/span><\/p>\n<p><span style=\"font-family: verdana,geneva,sans-serif;\">1 ou plusieurs massages bien-\u00eatre ou soins au choix<\/span><\/p>\n<p><span style=\"color: #0066cc; font-family: verdana,geneva,sans-serif;\"><b>Parrainage<\/b><\/span><\/p>\n<p><span style=\"font-family: verdana,geneva,sans-serif;\">Pour chaque personne qui prend rendez-vous gr\u00e2ce \u00e0 vous,<strong> 5\u20ac<\/strong> sur votre prochain massage bien \u00eatre.<\/span><\/p>\n<p><span style=\"color: #0084d1; font-family: verdana,geneva,sans-serif;\"><b>Formules abonnements<\/b><\/span><\/p>\n<p><span style=\"font-family: verdana,geneva,sans-serif;\">6 \u00a0massages 1h \u00a0 \u00a0 255\u20ac<\/span><\/p>\n<p><span style=\"font-family: verdana,geneva,sans-serif;\">4 soins Reiki \u00a0 \u00a0 \u00a0 \u00a0 150\u20ac<\/span><\/p>\n<h2><em><span style=\"color: #0000ff;\"><strong><span style=\"font-family: times new roman, times, serif;\">NOUVEAUT\u00c9S<\/span><\/strong><\/span><\/em><\/h2>\n<p><span style=\"color: #3366ff;\"><strong><span style=\"font-family: verdana, geneva, sans-serif;\">S\u00e9ance de Luminoth\u00e9rapie<\/span><\/strong><\/span>\u00a0 : Contre les d\u00e9pressions hivernales et les troubles menstruels.<\/p>\n<p>Tarif libre<\/p>\n<p><span style=\"color: #3366ff;\"><strong><span style=\"font-family: verdana, geneva, sans-serif;\">S\u00e9ance de trampoline<\/span><\/strong><\/span> : D\u00e9couverte accompagn\u00e9e\u00a0 du trampoline. Vous br\u00fblez plus de calories qu&rsquo;avec la course \u00e0 pied tout en respectant les articulations.<\/p>\n<p>Tarif libre<\/p>\n<address><span style=\"font-family: verdana,geneva,sans-serif;\">\u00a0<\/span><\/address>\n","protected":false},"excerpt":{"rendered":"<p>Naturopathie 1\u00e8re consultation (environ 2h) \u00a0\u00a0 70\u20ac Consultation de suivi (environ 1h) \u00a0 40\u20ac Prestations Bien-Etre \u00a0Massage bien-\u00eatre avec Huiles essentielles Bio (1h) \u00a0 \u00a0 \u00a0 55 \u20ac \u00a0Massage bien-\u00eatre avec Huiles essentielles Bio (30mn) \u00a035\u20ac \u00a0Massage Dos + pieds (30mn) 30\u20ac \u00a0 Massage amma assis (30mn) 30\u20ac Soin \u00c9nerg\u00e9tique Reiki (s\u00e9ance de 1h) \u00a0 &hellip; <a href=\"https:\/\/maria.leval.info\/?page_id=19\" class=\"more-link\">Continuer la lecture de <span class=\"screen-reader-text\">Tarifs<\/span> <span class=\"meta-nav\">&rarr;<\/span><\/a><\/p>\n","protected":false},"author":1,"featured_media":0,"parent":0,"menu_order":0,"comment_status":"closed","ping_status":"open","template":"","meta":[],"_links":{"self":[{"href":"https:\/\/maria.leval.info\/index.php?rest_route=\/wp\/v2\/pages\/19"}],"collection":[{"href":"https:\/\/maria.leval.info\/index.php?rest_route=\/wp\/v2\/pages"}],"about":[{"href":"https:\/\/maria.leval.info\/index.php?rest_route=\/wp\/v2\/types\/page"}],"author":[{"embeddable":true,"href":"https:\/\/maria.leval.info\/index.php?rest_route=\/wp\/v2\/users\/1"}],"replies":[{"embeddable":true,"href":"https:\/\/maria.leval.info\/index.php?rest_route=%2Fwp%2Fv2%2Fcomments&post=19"}],"version-history":[{"count":18,"href":"https:\/\/maria.leval.info\/index.php?rest_route=\/wp\/v2\/pages\/19\/revisions"}],"predecessor-version":[{"id":739,"href":"https:\/\/maria.leval.info\/index.php?rest_route=\/wp\/v2\/pages\/19\/revisions\/739"}],"wp:attachment":[{"href":"https:\/\/maria.leval.info\/index.php?rest_route=%2Fwp%2Fv2%2Fmedia&parent=19"}],"curies":[{"name":"wp","href":"https:\/\/api.w.org\/{rel}","templated":true}]}}