
{"id":17,"date":"2014-09-17T14:39:08","date_gmt":"2014-09-17T12:39:08","guid":{"rendered":"http:\/\/mariaball-naturo.fr\/?page_id=17"},"modified":"2018-02-22T21:15:22","modified_gmt":"2018-02-22T20:15:22","slug":"techniques-manuelles","status":"publish","type":"page","link":"https:\/\/maria.leval.info\/?page_id=17","title":{"rendered":"Techniques manuelles"},"content":{"rendered":"<p align=\"JUSTIFY\"><span style=\"color: #0070c0; font-family: verdana,geneva,sans-serif;\"><b>Massage bien-\u00eatre type californien<\/b><\/span><\/p>\n<p align=\"JUSTIFY\"><span style=\"font-family: verdana,geneva,sans-serif;\">Le Massage bien-\u00eatre Californien est une approche globale qui vise autant \u00e0 la d\u00e9tente qu\u2019\u00e0 l\u2019\u00e9veil d\u2019une conscience psycho-corporelle. Ce massage bien-\u00eatre utilise des mouvements lents et fluides qui permettent une profonde relaxation physique et psychique. Indiqu\u00e9 pour les personnes en fatigue chronique, en stress et angoiss\u00e9es. Ce massage bien-\u00eatre d\u00e9connecte le cerveau pensant, stimule la circulation sanguine, la lymphe, les \u00e9monctoires et draine le corps.<\/span><\/p>\n<p><span style=\"font-family: verdana,geneva,sans-serif;\"><strong><span style=\"font-size: medium;\">Ces massages bien-\u00eatre ne sont pas assimilables \u00e0 des soins m\u00e9dicaux et n&rsquo;ont rien d&rsquo;\u00e9rotique.<\/span><\/strong><\/span><\/p>\n<p><span style=\"font-family: verdana,geneva,sans-serif;\"><span style=\"font-size: medium;\"><i>Le massage bien-\u00eatre est d\u00e9conseill\u00e9 chez les personnes souffrant de probl\u00e8mes de peau suintants, br\u00fblure grave, ulc\u00e8re variqueux, phl\u00e9bite, infection aig\u00fce, cancer, insuffisance cardiaque ou respiratoire, os de verre, hypotension art\u00e9rielle, fragilit\u00e9 capillaire, h\u00e9matome. <\/i><\/span><\/span><\/p>\n<p align=\"JUSTIFY\"><span style=\"font-family: verdana,geneva,sans-serif;\"><img loading=\"lazy\" class=\"aligncenter wp-image-96 size-full\" src=\"http:\/\/mariaball-naturo.fr\/wp-content\/uploads\/2014\/09\/maria_massage2.jpg\" alt=\"OLYMPUS DIGITAL CAMERA\" width=\"643\" height=\"482\" srcset=\"https:\/\/maria.leval.info\/wp-content\/uploads\/2014\/09\/maria_massage2.jpg 643w, https:\/\/maria.leval.info\/wp-content\/uploads\/2014\/09\/maria_massage2-300x224.jpg 300w\" sizes=\"(max-width: 643px) 100vw, 643px\" \/><\/span><\/p>\n<p align=\"JUSTIFY\"><span style=\"color: #0070c0; font-family: verdana,geneva,sans-serif;\"><b>Le REIKI<\/b><\/span><\/p>\n<p align=\"JUSTIFY\"><span style=\"font-family: verdana,geneva,sans-serif;\">En japonais, REI veut dire universel et inclut la mati\u00e8re, l\u2019\u00e2me et l\u2019esprit KI (ou QI )renvoie \u00e0 l\u2019\u00e9nergie vitale qui circule en nous, telle que la comprennent les m\u00e9decines orientales comme la m\u00e9decine traditionnelle chinoise et l\u2019ayurv\u00e9da. Le Reiki est donc la mise ou la remise en contact de l\u00a0\u00ab\u00a0\u00e9nergie universelle\u00a0\u00bb et notre propre \u00ab\u00a0force vitale\u00a0\u00bb dans le but d\u2019\u00e9veiller un processus dynamique de\u00a0<b>gu\u00e9rison.<\/b><\/span><\/p>\n<p align=\"JUSTIFY\"><span style=\"font-family: verdana,geneva,sans-serif;\">Dans une s\u00e9ance de Reiki, le praticien canalise l<b>\u2019\u00e9nergie universelle <\/b>et, \u00e0 l\u2019aide de symboles \u00e9sot\u00e9riques et de son sacr\u00e9, la transmet en imposant ses <b>mains <\/b>sur diff\u00e9rentes parties du corps du consultant. La transmission d\u2019\u00e9nergies pourrait m\u00eame se faire \u00e0 distance. L\u2019\u00e9nergie universelle poss\u00e8derait par ailleurs sont\u00a0 \u00ab\u00a0intelligence propre\u00a0\u00bb ce qui lui permettrait \u00e0 la fois de se diriger exactement l\u00e0 ou le patient en a besoin, et de ne pas causer <b>d\u2019effet secondaire <\/b>ind\u00e9sirable. L\u2019\u00e9nergie du praticien est cens\u00e9e ne jamais intervenir dans le processus.<\/span><\/p>\n","protected":false},"excerpt":{"rendered":"<p>Massage bien-\u00eatre type californien Le Massage bien-\u00eatre Californien est une approche globale qui vise autant \u00e0 la d\u00e9tente qu\u2019\u00e0 l\u2019\u00e9veil d\u2019une conscience psycho-corporelle. Ce massage bien-\u00eatre utilise des mouvements lents et fluides qui permettent une profonde relaxation physique et psychique. Indiqu\u00e9 pour les personnes en fatigue chronique, en stress et angoiss\u00e9es. Ce massage bien-\u00eatre d\u00e9connecte &hellip; <a href=\"https:\/\/maria.leval.info\/?page_id=17\" class=\"more-link\">Continuer la lecture de <span class=\"screen-reader-text\">Techniques manuelles<\/span> <span class=\"meta-nav\">&rarr;<\/span><\/a><\/p>\n","protected":false},"author":1,"featured_media":0,"parent":0,"menu_order":0,"comment_status":"closed","ping_status":"open","template":"","meta":[],"_links":{"self":[{"href":"https:\/\/maria.leval.info\/index.php?rest_route=\/wp\/v2\/pages\/17"}],"collection":[{"href":"https:\/\/maria.leval.info\/index.php?rest_route=\/wp\/v2\/pages"}],"about":[{"href":"https:\/\/maria.leval.info\/index.php?rest_route=\/wp\/v2\/types\/page"}],"author":[{"embeddable":true,"href":"https:\/\/maria.leval.info\/index.php?rest_route=\/wp\/v2\/users\/1"}],"replies":[{"embeddable":true,"href":"https:\/\/maria.leval.info\/index.php?rest_route=%2Fwp%2Fv2%2Fcomments&post=17"}],"version-history":[{"count":11,"href":"https:\/\/maria.leval.info\/index.php?rest_route=\/wp\/v2\/pages\/17\/revisions"}],"predecessor-version":[{"id":235,"href":"https:\/\/maria.leval.info\/index.php?rest_route=\/wp\/v2\/pages\/17\/revisions\/235"}],"wp:attachment":[{"href":"https:\/\/maria.leval.info\/index.php?rest_route=%2Fwp%2Fv2%2Fmedia&parent=17"}],"curies":[{"name":"wp","href":"https:\/\/api.w.org\/{rel}","templated":true}]}}