
{"id":10,"date":"2014-09-17T14:33:09","date_gmt":"2014-09-17T12:33:09","guid":{"rendered":"http:\/\/mariaball-naturo.fr\/?page_id=10"},"modified":"2021-09-12T21:04:11","modified_gmt":"2021-09-12T19:04:11","slug":"accueil","status":"publish","type":"page","link":"https:\/\/maria.leval.info\/","title":{"rendered":"Accueil"},"content":{"rendered":"\n\n<p><img loading=\"lazy\" class=\"aligncenter\" src=\"https:\/\/mariaball-naturo.fr\/wp-content\/uploads\/2020\/02\/WhatsApp-Image-2020-01-25-at-15.11.32.jpeg\" alt=\"L\u2019attribut alt de cette image est vide, son nom de fichier est WhatsApp-Image-2020-01-25-at-15.11.32.jpeg.\" width=\"236\" height=\"177\" \/><\/p>\n<h2 style=\"text-align: center;\"><span style=\"color: #ff0000;\"><em>Je ferme mon site.<\/em><\/span><\/h2>\n<h2 style=\"text-align: center;\"><span style=\"color: #ff0000;\"><strong>Vous me retrouverez bient\u00f4t sur les r\u00e9seaux sociaux\u00a0 avec un nouveau projet !<\/strong><\/span><\/h2>\n<h2 style=\"text-align: center;\"><span style=\"color: #ff0000;\"><em>Merci de m&rsquo;avoir suivie.<\/em><\/span><\/h2>\n<p>\u00a0<\/p>\n<p>Maria BALL, Conseill\u00e8re en Hygi\u00e8ne Vitale- Naturopathe, certifi\u00e9e par les Formations Alsaciennes de Naturopathie, promotion 2014.<\/p>\n<p>Je vous re\u00e7ois en consultation \u00e0 mon cabinet, au 3 rue de la Paix \u00e0 Oberlauterbach et me d\u00e9place dans les communes voisines entre Lauterbourg et Wissembourg.<\/p>\n<p>Je pratique la naturopathie, les soins Reiki, les massages Bien-\u00eatre.<\/p>\n<p>Je propose \u00e9galement des ateliers de cuisine sans gluten, sans lactose, sans \u0153uf, crue ou v\u00e9gane, et d\u2019autres th\u00e8mes \u00e0 la demande. Mes ateliers se d\u00e9roulent \u00e0 mon domicile\u00a0 ou chez vous si vous r\u00e9unissez un nombre minimum de 3 participants.<\/p>\n<p><span style=\"border-radius: 2px; text-indent: 20px; width: auto; padding: 0px 4px 0px 0px; text-align: center; font: bold 11px\/20px 'Helvetica Neue',Helvetica,sans-serif; color: #ffffff; background: #bd081c no-repeat scroll 3px 50% \/ 14px 14px; position: absolute; opacity: 1; z-index: 8675309; display: none; cursor: pointer; top: 68px; left: 172px;\">Enregistrer<\/span><\/p>\n<p><span style=\"border-radius: 2px; text-indent: 20px; width: auto; padding: 0px 4px 0px 0px; text-align: center; font: bold 11px\/20px 'Helvetica Neue',Helvetica,sans-serif; color: #ffffff; background: #bd081c no-repeat scroll 3px 50% \/ 14px 14px; position: absolute; opacity: 1; z-index: 8675309; display: none; cursor: pointer; top: 68px; left: 172px;\">Enregistrer<\/span><\/p>\n<p><span style=\"border-radius: 2px; text-indent: 20px; width: auto; padding: 0px 4px 0px 0px; text-align: center; font: bold 11px\/20px 'Helvetica Neue',Helvetica,sans-serif; color: #ffffff; background: #bd081c no-repeat scroll 3px 50% \/ 14px 14px; position: absolute; opacity: 1; z-index: 8675309; display: none; cursor: pointer; top: 121px; left: 163px;\">Enregistrer<\/span><\/p>\n<p><span style=\"border-radius: 2px; text-indent: 20px; width: auto; padding: 0px 4px 0px 0px; text-align: center; font: bold 11px\/20px 'Helvetica Neue',Helvetica,sans-serif; color: #ffffff; background: #bd081c no-repeat scroll 3px 50% \/ 14px 14px; position: absolute; opacity: 1; z-index: 8675309; display: none; cursor: pointer; top: 361px; left: 491px;\">Enregistrer<\/span><\/p>\n<p><span style=\"border-radius: 2px; text-indent: 20px; width: auto; padding: 0px 4px 0px 0px; text-align: center; font: bold 11px\/20px 'Helvetica Neue',Helvetica,sans-serif; color: #ffffff; background: #bd081c no-repeat scroll 3px 50% \/ 14px 14px; position: absolute; opacity: 1; z-index: 8675309; display: none; cursor: pointer; top: 839px; left: 20px;\">Enregistrer<\/span><\/p>\n\n\n<p><em>Respectant la Charte des Naturopathes, je m&rsquo;engage \u00e0:<\/em><em><br>&#8211; une stricte confidentialit\u00e9<br>&#8211; respecter l&rsquo;int\u00e9grit\u00e9 physique et morale de la personne<br>&#8211; m\u2019abstenir de toute forme de pros\u00e9lytisme religieux, politique ou sectaire<br>&#8211; ne pas me substituer au milieu m\u00e9dical<br>&#8211; diriger imm\u00e9diatement vers un m\u00e9decin, toute personne pr\u00e9sentant des sympt\u00f4mes anormaux<br>&#8211; utiliser syst\u00e9matiquement des produits de massage biologiques<br>&#8211; garder un comportement d\u00e9cent et une hygi\u00e8ne parfaite et r\u00e9ciproquement<\/em><\/p>\n\n\n\n<figure class=\"wp-block-image\"><img alt=\"\"\/><\/figure>\n","protected":false},"excerpt":{"rendered":"<p>Je ferme mon site. Vous me retrouverez bient\u00f4t sur les r\u00e9seaux sociaux\u00a0 avec un nouveau projet ! Merci de m&rsquo;avoir suivie. \u00a0 Maria BALL, Conseill\u00e8re en Hygi\u00e8ne Vitale- Naturopathe, certifi\u00e9e par les Formations Alsaciennes de Naturopathie, promotion 2014. Je vous re\u00e7ois en consultation \u00e0 mon cabinet, au 3 rue de la Paix \u00e0 Oberlauterbach et &hellip; <a href=\"https:\/\/maria.leval.info\/\" class=\"more-link\">Continuer la lecture de <span class=\"screen-reader-text\">Accueil<\/span> <span class=\"meta-nav\">&rarr;<\/span><\/a><\/p>\n","protected":false},"author":1,"featured_media":0,"parent":0,"menu_order":0,"comment_status":"closed","ping_status":"open","template":"","meta":[],"_links":{"self":[{"href":"https:\/\/maria.leval.info\/index.php?rest_route=\/wp\/v2\/pages\/10"}],"collection":[{"href":"https:\/\/maria.leval.info\/index.php?rest_route=\/wp\/v2\/pages"}],"about":[{"href":"https:\/\/maria.leval.info\/index.php?rest_route=\/wp\/v2\/types\/page"}],"author":[{"embeddable":true,"href":"https:\/\/maria.leval.info\/index.php?rest_route=\/wp\/v2\/users\/1"}],"replies":[{"embeddable":true,"href":"https:\/\/maria.leval.info\/index.php?rest_route=%2Fwp%2Fv2%2Fcomments&post=10"}],"version-history":[{"count":37,"href":"https:\/\/maria.leval.info\/index.php?rest_route=\/wp\/v2\/pages\/10\/revisions"}],"predecessor-version":[{"id":750,"href":"https:\/\/maria.leval.info\/index.php?rest_route=\/wp\/v2\/pages\/10\/revisions\/750"}],"wp:attachment":[{"href":"https:\/\/maria.leval.info\/index.php?rest_route=%2Fwp%2Fv2%2Fmedia&parent=10"}],"curies":[{"name":"wp","href":"https:\/\/api.w.org\/{rel}","templated":true}]}}